{"id":88,"date":"2025-05-14T19:18:46","date_gmt":"2025-05-14T19:18:46","guid":{"rendered":"https:\/\/dpsinovative.com\/?page_id=88"},"modified":"2025-12-09T12:49:57","modified_gmt":"2025-12-09T12:49:57","slug":"articles","status":"publish","type":"page","link":"https:\/\/dpsinovative.com\/es\/articulos\/","title":{"rendered":"Art\u00edculos"},"content":{"rendered":"<p>[et_pb_section fb_built=\u00bb1&#8243; admin_label=\u00bbBlog\u00bb _builder_version=\u00bb4.25.2&#8243; _module_preset=\u00bb_initial\u00bb locked=\u00bboff\u00bb global_colors_info=\u00bb{}\u00bb][et_pb_row _builder_version=\u00bb4.25.2&#8243; _module_preset=\u00bb_initial\u00bb max_width=\u00bb1320px\u00bb global_colors_info=\u00bb{}\u00bb][et_pb_column type=\u00bb4_4&#8243; _builder_version=\u00bb4.25.2&#8243; _module_preset=\u00bb_initial\u00bb global_colors_info=\u00bb{}\u00bb][et_pb_text _builder_version=\u00bb4.27.4&#8243; _module_preset=\u00bbdefault\u00bb text_font_size=\u00bb15px\u00bb text_line_height=\u00bb1.8em\u00bb ul_line_height=\u00bb1.9em\u00bb header_2_font=\u00bbPoppins|700|||||||\u00bb header_2_text_align=\u00bbleft\u00bb header_2_text_color=\u00bb#130755&#8243; header_2_font_size=\u00bb38px\u00bb header_2_line_height=\u00bb1.3em\u00bb header_6_font=\u00bbPoppins|600||on|||||\u00bb header_6_text_color=\u00bb#cf222a\u00bb custom_margin=\u00bb||12px||false|false\u00bb custom_margin_tablet=\u00bb||12px||false|false\u00bb custom_margin_phone=\u00bb||||false|false\u00bb custom_margin_last_edited=\u00bbon|phone\u00bb custom_padding=\u00bb||||false|false\u00bb custom_padding_tablet=\u00bb||||false|false\u00bb custom_padding_phone=\u00bb18px||||false|false\u00bb custom_padding_last_edited=\u00bbon|phone\u00bb header_2_font_size_tablet=\u00bb38px\u00bb header_2_font_size_phone=\u00bb30px\u00bb header_2_font_size_last_edited=\u00bbon|phone\u00bb header_2_line_height_tablet=\u00bb1.6em\u00bb header_2_line_height_phone=\u00bb1.2em\u00bb header_2_line_height_last_edited=\u00bbon|phone\u00bb header_6_text_align_tablet=\u00bb\u00bb header_6_text_align_phone=\u00bbcenter\u00bb header_6_text_align_last_edited=\u00bbon|phone\u00bb content_pt_br=\u00bb<\/p>\n<h6>Artigos<\/h6>\n<h2>BLOG<\/h2>\n<p>\u00bb content_es_es=\u00bb<\/p>\n<h6>ART\u00edCULOS<\/h6>\n<h2>BLOG<\/h2>\n<p>\u00bb locked=\u00bboff\u00bb global_colors_info=\u00bb{}\u00bb]<\/p>\n<h6>Art\u00edculos<\/h6>\n<h2>BLOG<\/h2>\n<p>[\/et_pb_text][et_pb_blog fullwidth=\u00bboff\u00bb include_categories=\u00bball\u00bb show_author=\u00bboff\u00bb _builder_version=\u00bb4.27.5&#8243; _module_preset=\u00bbdefault\u00bb hover_enabled=\u00bb0&#8243; global_colors_info=\u00bb{}\u00bb use_manual_excerpt=\u00bboff\u00bb show_excerpt=\u00bboff\u00bb sticky_enabled=\u00bb0&#8243; meta_date=\u00bbj\/m\/Y\u00bb][\/et_pb_blog][\/et_pb_column][\/et_pb_row][\/et_pb_section]<\/p>\n","protected":false},"excerpt":{"rendered":"<p>Tu contenido va aqu\u00ed. Edita o elimina este texto en l\u00ednea o en la configuraci\u00f3n de contenido del m\u00f3dulo. Tambi\u00e9n puedes aplicar estilo a cada aspecto de este contenido en la configuraci\u00f3n de dise\u00f1o del m\u00f3dulo e incluso aplicar CSS personalizado en la configuraci\u00f3n avanzada del m\u00f3dulo.<\/p>\n","protected":false},"author":1,"featured_media":0,"parent":0,"menu_order":0,"comment_status":"closed","ping_status":"closed","template":"","meta":{"_et_pb_use_builder":"on","_et_pb_old_content":"","_et_gb_content_width":"","footnotes":""},"class_list":["post-88","page","type-page","status-publish","hentry"],"yoast_head":"<!-- This site is optimized with the Yoast SEO plugin v27.4 - https:\/\/yoast.com\/product\/yoast-seo-wordpress\/ -->\n<title>Art\u00edculos<\/title>\n<meta name=\"description\" content=\"[et_pb_section fb_built=&quot;1&quot; theme_builder_area=&quot;post_content&quot; _builder_version=&quot;4.27.4&quot; _module_preset=&quot;default&quot;][et_pb_row _builder_version=&quot;4.27.4&quot; _module_preset=&quot;default&quot; theme_builder_area=&quot;post_content&quot;][et_pb_column _builder_version=&quot;4.27.4&quot; _module_preset=&quot;default&quot; type=&quot;4_4&quot; theme_builder_area=&quot;post_content&quot;][et_pb_text _builder_version=&quot;4.27.4&quot; _module_preset=&quot;default&quot; theme_builder_area=&quot;post_content&quot; hover_enabled=&quot;0&quot; sticky_enabled=&quot;0&quot;]Tu contenido va aqu\u00ed. Edita o elimina este texto en l\u00ednea o en la configuraci\u00f3n de contenido del m\u00f3dulo. Tambi\u00e9n puedes aplicar estilo a cada aspecto de este contenido en la configuraci\u00f3n de dise\u00f1o del m\u00f3dulo e incluso aplicar&hellip;\" \/>\n<meta name=\"robots\" content=\"index, follow, max-snippet:-1, max-image-preview:large, max-video-preview:-1\" \/>\n<link rel=\"canonical\" href=\"http:\/\/[et_pb_section%20fb_built=1%20theme_builder_area=post_content%20_builder_version=4.27.4%20_module_preset=default][et_pb_row%20_builder_version=4.27.4%20_module_preset=default%20theme_builder_area=post_content][et_pb_column%20_builder_version=4.27.4%20_module_preset=default%20type=4_4%20theme_builder_area=post_content][et_pb_text%20_builder_version=4.27.4%20_module_preset=default%20theme_builder_area=post_content%20hover_enabled=0%20sticky_enabled=0]Tu%20contenido%20va%20aqu\u00ed.%20Edita%20o%20elimina%20este%20texto%20en%20l\u00ednea%20o%20en%20la%20configuraci\u00f3n%20de%20contenido%20del%20m\u00f3dulo.%20Tambi\u00e9n%20puedes%20aplicar%20estilo%20a%20cada%20aspecto%20de%20este%20contenido%20en%20la%20configuraci\u00f3n%20de%20dise\u00f1o%20del%20m\u00f3dulo%20e%20incluso%20aplicar&hellip;\" \/>\n<meta property=\"og:locale\" content=\"es_ES\" \/>\n<meta property=\"og:type\" content=\"article\" \/>\n<meta property=\"og:title\" content=\"Art\u00edculos\" \/>\n<meta property=\"og:description\" content=\"[et_pb_section fb_built=&quot;1&quot; theme_builder_area=&quot;post_content&quot; _builder_version=&quot;4.27.4&quot; _module_preset=&quot;default&quot;][et_pb_row _builder_version=&quot;4.27.4&quot; _module_preset=&quot;default&quot; theme_builder_area=&quot;post_content&quot;][et_pb_column _builder_version=&quot;4.27.4&quot; _module_preset=&quot;default&quot; type=&quot;4_4&quot; theme_builder_area=&quot;post_content&quot;][et_pb_text _builder_version=&quot;4.27.4&quot; _module_preset=&quot;default&quot; theme_builder_area=&quot;post_content&quot; hover_enabled=&quot;0&quot; sticky_enabled=&quot;0&quot;]Tu contenido va aqu\u00ed. Edita o elimina este texto en l\u00ednea o en la configuraci\u00f3n de contenido del m\u00f3dulo. Tambi\u00e9n puedes aplicar estilo a cada aspecto de este contenido en la configuraci\u00f3n de dise\u00f1o del m\u00f3dulo e incluso aplicar&hellip;\" \/>\n<meta property=\"og:url\" content=\"https:\/\/dpsinovative.com\/es\/articulos\/\" \/>\n<meta property=\"og:site_name\" content=\"DPS Invative\" \/>\n<meta property=\"article:modified_time\" content=\"2025-12-09T12:49:57+00:00\" \/>\n<meta name=\"twitter:card\" content=\"summary_large_image\" \/>\n<meta name=\"twitter:label1\" content=\"Tiempo de lectura\" \/>\n\t<meta name=\"twitter:data1\" content=\"1 minuto\" \/>\n<script type=\"application\/ld+json\" class=\"yoast-schema-graph\">{\"@context\":\"https:\\\/\\\/schema.org\",\"@graph\":[{\"@type\":\"WebPage\",\"@id\":\"https:\\\/\\\/dpsinovative.com\\\/es\\\/articulos\\\/\",\"url\":\"https:\\\/\\\/dpsinovative.com\\\/es\\\/articulos\\\/\",\"name\":\"Articles - DPS Invative\",\"isPartOf\":{\"@id\":\"https:\\\/\\\/dpsinovative.com\\\/#website\"},\"datePublished\":\"2025-05-14T19:18:46+00:00\",\"dateModified\":\"2025-12-09T12:49:57+00:00\",\"breadcrumb\":{\"@id\":\"https:\\\/\\\/dpsinovative.com\\\/es\\\/articulos\\\/#breadcrumb\"},\"inLanguage\":\"es\",\"potentialAction\":[{\"@type\":\"ReadAction\",\"target\":[\"https:\\\/\\\/dpsinovative.com\\\/es\\\/articulos\\\/\"]}]},{\"@type\":\"BreadcrumbList\",\"@id\":\"https:\\\/\\\/dpsinovative.com\\\/es\\\/articulos\\\/#breadcrumb\",\"itemListElement\":[{\"@type\":\"ListItem\",\"position\":1,\"name\":\"Hogar\",\"item\":\"https:\\\/\\\/dpsinovative.com\\\/\"},{\"@type\":\"ListItem\",\"position\":2,\"name\":\"Art\u00edculos\"}]},{\"@type\":\"WebSite\",\"@id\":\"https:\\\/\\\/dpsinovative.com\\\/es\\\/#website\",\"url\":\"https:\\\/\\\/dpsinovative.com\\\/es\\\/\",\"name\":\"DPS Invative\",\"description\":\"Dielectric Products &amp; Solutions\",\"potentialAction\":[{\"@type\":\"SearchAction\",\"target\":{\"@type\":\"EntryPoint\",\"urlTemplate\":\"https:\\\/\\\/dpsinovative.com\\\/es\\\/?s={search_term_string}\"},\"query-input\":{\"@type\":\"PropertyValueSpecification\",\"valueRequired\":true,\"valueName\":\"search_term_string\"}}],\"inLanguage\":\"es\"}]}<\/script>\n<!-- \/ Yoast SEO plugin. -->","yoast_head_json":{"title":"Art\u00edculos","description":"[et_pb_section fb_built=\"1\" theme_builder_area=\"post_content\" _builder_version=\"4.27.4\" _module_preset=\"default\"][et_pb_row _builder_version=\"4.27.4\" _module_preset=\"default\" theme_builder_area=\"post_content\"][et_pb_column _builder_version=\"4.27.4\" _module_preset=\"default\" type=\"4_4\" theme_builder_area=\"post_content\"][et_pb_text _builder_version=\"4.27.4\" _module_preset=\"default\" theme_builder_area=\"post_content\" hover_enabled=\"0\" sticky_enabled=\"0\"]Tu contenido va aqu\u00ed. Edita o elimina este texto en l\u00ednea o en la configuraci\u00f3n de contenido del m\u00f3dulo. Tambi\u00e9n puedes aplicar estilo a cada aspecto de este contenido en la configuraci\u00f3n de dise\u00f1o del m\u00f3dulo e incluso aplicar&hellip;","robots":{"index":"index","follow":"follow","max-snippet":"max-snippet:-1","max-image-preview":"max-image-preview:large","max-video-preview":"max-video-preview:-1"},"canonical":"[et_pb_section fb_built=\"1\" theme_builder_area=\"post_content\" _builder_version=\"4.27.4\" _module_preset=\"default\"][et_pb_row _builder_version=\"4.27.4\" _module_preset=\"default\" theme_builder_area=\"post_content\"][et_pb_column _builder_version=\"4.27.4\" _module_preset=\"default\" type=\"4_4\" theme_builder_area=\"post_content\"][et_pb_text _builder_version=\"4.27.4\" _module_preset=\"default\" theme_builder_area=\"post_content\" hover_enabled=\"0\" sticky_enabled=\"0\"]Tu contenido va aqu\u00ed. Edita o elimina este texto en l\u00ednea o en la configuraci\u00f3n de contenido del m\u00f3dulo. Tambi\u00e9n puedes aplicar estilo a cada aspecto de este contenido en la configuraci\u00f3n de dise\u00f1o del m\u00f3dulo e incluso aplicar&hellip;","og_locale":"es_ES","og_type":"article","og_title":"Art\u00edculos","og_description":"[et_pb_section fb_built=\"1\" theme_builder_area=\"post_content\" _builder_version=\"4.27.4\" _module_preset=\"default\"][et_pb_row _builder_version=\"4.27.4\" _module_preset=\"default\" theme_builder_area=\"post_content\"][et_pb_column _builder_version=\"4.27.4\" _module_preset=\"default\" type=\"4_4\" theme_builder_area=\"post_content\"][et_pb_text _builder_version=\"4.27.4\" _module_preset=\"default\" theme_builder_area=\"post_content\" hover_enabled=\"0\" sticky_enabled=\"0\"]Tu contenido va aqu\u00ed. Edita o elimina este texto en l\u00ednea o en la configuraci\u00f3n de contenido del m\u00f3dulo. Tambi\u00e9n puedes aplicar estilo a cada aspecto de este contenido en la configuraci\u00f3n de dise\u00f1o del m\u00f3dulo e incluso aplicar&hellip;","og_url":"https:\/\/dpsinovative.com\/es\/articulos\/","og_site_name":"DPS Invative","article_modified_time":"2025-12-09T12:49:57+00:00","twitter_card":"summary_large_image","twitter_misc":{"Tiempo de lectura":"1 minuto"},"schema":{"@context":"https:\/\/schema.org","@graph":[{"@type":"WebPage","@id":"https:\/\/dpsinovative.com\/es\/articulos\/","url":"https:\/\/dpsinovative.com\/es\/articulos\/","name":"Articles - DPS Invative","isPartOf":{"@id":"https:\/\/dpsinovative.com\/#website"},"datePublished":"2025-05-14T19:18:46+00:00","dateModified":"2025-12-09T12:49:57+00:00","breadcrumb":{"@id":"https:\/\/dpsinovative.com\/es\/articulos\/#breadcrumb"},"inLanguage":"es","potentialAction":[{"@type":"ReadAction","target":["https:\/\/dpsinovative.com\/es\/articulos\/"]}]},{"@type":"BreadcrumbList","@id":"https:\/\/dpsinovative.com\/es\/articulos\/#breadcrumb","itemListElement":[{"@type":"ListItem","position":1,"name":"Hogar","item":"https:\/\/dpsinovative.com\/"},{"@type":"ListItem","position":2,"name":"Art\u00edculos"}]},{"@type":"WebSite","@id":"https:\/\/dpsinovative.com\/es\/#website","url":"https:\/\/dpsinovative.com\/es\/","name":"DPS Invative","description":"Dielectric Products &amp; Solutions","potentialAction":[{"@type":"SearchAction","target":{"@type":"EntryPoint","urlTemplate":"https:\/\/dpsinovative.com\/es\/?s={search_term_string}"},"query-input":{"@type":"PropertyValueSpecification","valueRequired":true,"valueName":"search_term_string"}}],"inLanguage":"es"}]}},"_links":{"self":[{"href":"https:\/\/dpsinovative.com\/es\/wp-json\/wp\/v2\/pages\/88","targetHints":{"allow":["GET"]}}],"collection":[{"href":"https:\/\/dpsinovative.com\/es\/wp-json\/wp\/v2\/pages"}],"about":[{"href":"https:\/\/dpsinovative.com\/es\/wp-json\/wp\/v2\/types\/page"}],"author":[{"embeddable":true,"href":"https:\/\/dpsinovative.com\/es\/wp-json\/wp\/v2\/users\/1"}],"replies":[{"embeddable":true,"href":"https:\/\/dpsinovative.com\/es\/wp-json\/wp\/v2\/comments?post=88"}],"version-history":[{"count":16,"href":"https:\/\/dpsinovative.com\/es\/wp-json\/wp\/v2\/pages\/88\/revisions"}],"predecessor-version":[{"id":585,"href":"https:\/\/dpsinovative.com\/es\/wp-json\/wp\/v2\/pages\/88\/revisions\/585"}],"wp:attachment":[{"href":"https:\/\/dpsinovative.com\/es\/wp-json\/wp\/v2\/media?parent=88"}],"curies":[{"name":"wp","href":"https:\/\/api.w.org\/{rel}","templated":true}]}}