{"id":739,"date":"2026-03-14T14:37:17","date_gmt":"2026-03-14T14:37:17","guid":{"rendered":"https:\/\/dpsinovative.com\/product\/\/"},"modified":"2026-03-17T12:21:36","modified_gmt":"2026-03-17T12:21:36","slug":"kraft-corrugated-cardboard-tube-for-the-transformer-industry-with-electrical-insulation","status":"publish","type":"product","link":"https:\/\/dpsinovative.com\/es\/product\/tubo-de-carton-corrugado-kraft-para-la-industria-de-transformadores-con-aislamiento-electrico\/","title":{"rendered":"Tubo de cart\u00f3n corrugado Kraft para la industria de transformadores con aislamiento el\u00e9ctrico"},"content":{"rendered":"<p>Estos tubos aislantes de cart\u00f3n corrugado, fabricados con papel crep\u00e9 de alta calidad, est\u00e1n dise\u00f1ados para el aislamiento el\u00e9ctrico en transformadores, motores y equipos de alta tensi\u00f3n. Su estructura crep\u00e9 ofrece una flexibilidad, resistencia al calor y rigidez diel\u00e9ctrica superiores, lo que los hace ideales para el aislamiento de bobinados y la protecci\u00f3n del n\u00facleo en dispositivos el\u00e9ctricos.<\/p>\n","protected":false},"excerpt":{"rendered":"<p>These are corrugated paper insulating tubes made from high-quality crepe paper, designed for electrical insulation in transformers, motors, and high-voltage equipment. The crepe structure offers superior flexibility, heat resistance, and dielectric strength, making them ideal for winding insulation and core protection in electrical devices.<\/p>\n","protected":false},"featured_media":740,"comment_status":"closed","ping_status":"closed","template":"","meta":{"_et_pb_use_builder":"off","_et_pb_old_content":"Crepe paper is used as an insulating material in transformers to cover copper and aluminum conductors where flexibility is required.\r\n\r\nCorrugated Paper Tube for Transformer Industry\/Electrical Insulating Kraft Crepe Paper\r\nInsulation: Crepe paper is one of the most important solid insulating materials used in transformers. Its quality directly influences the transformer's lifespan. The BDV (Ball Value) is increased by up to 80% compared to base kraft paper. To ensure the best quality of crepe paper, base kraft paper is manufactured with longer fibers of pure wood cellulose.\r\n\r\nThickness: 0.05 mm, 0.75 mm\r\nCharacteristics:\r\n1. High purity and high oil absorption\r\n2. Good dielectric strength\r\n3. Excellent compatibility with insulating liquids (mineral oils, silicone oils and determination oils).\r\n\r\n3. No conductive particles\r\nApplication:\r\nCrepe paper is ideal for irregular shapes and surfaces where adequate insulation cannot be achieved with flat papers. It is especially used for insulating magnetic wires, layer insulation, current transformers, RIP bushings, or as shielding material.\r\n\r\nAssistance:\r\n1) New items can be supplied with goods according to customer needs.\r\n2) Provide after-sales service.\r\n3) Any questions, please feel free to contact us; your question will be answered within 24 hours.\r\n4) Your sincere advice will be highly appreciated.\r\n\r\nSuperiority -\r\n1) We have a production line for cutting, coating, and other technologies; quality and cost can be well controlled in our factory.\r\n2) Our factory has a complete set of production and quality assurance service system.","_et_gb_content_width":""},"product_brand":[],"product_cat":[25],"product_tag":[],"class_list":{"0":"post-739","1":"product","2":"type-product","3":"status-publish","4":"has-post-thumbnail","6":"product_cat-insulation","8":"first","9":"instock","10":"shipping-taxable","11":"product-type-simple"},"yoast_head":"<!-- This site is optimized with the Yoast SEO plugin v27.3 - https:\/\/yoast.com\/product\/yoast-seo-wordpress\/ -->\n<title>Tubo de cart\u00f3n corrugado Kraft para la industria de transformadores con aislamiento el\u00e9ctrico<\/title>\n<meta name=\"description\" content=\"Estos tubos aislantes de cart\u00f3n corrugado, fabricados con papel crep\u00e9 de alta calidad, est\u00e1n dise\u00f1ados para el aislamiento el\u00e9ctrico en transformadores, motores y equipos de alta tensi\u00f3n. Su estructura crep\u00e9 ofrece una flexibilidad, resistencia al calor y rigidez diel\u00e9ctrica superiores, lo que los hace ideales para el aislamiento de bobinados y la protecci\u00f3n del n\u00facleo&hellip;\" \/>\n<meta name=\"robots\" content=\"index, follow, max-snippet:-1, max-image-preview:large, max-video-preview:-1\" \/>\n<link rel=\"canonical\" href=\"http:\/\/Estos%20tubos%20aislantes%20de%20cart\u00f3n%20corrugado,%20fabricados%20con%20papel%20crep\u00e9%20de%20alta%20calidad,%20est\u00e1n%20dise\u00f1ados%20para%20el%20aislamiento%20el\u00e9ctrico%20en%20transformadores,%20motores%20y%20equipos%20de%20alta%20tensi\u00f3n.%20Su%20estructura%20crep\u00e9%20ofrece%20una%20flexibilidad,%20resistencia%20al%20calor%20y%20rigidez%20diel\u00e9ctrica%20superiores,%20lo%20que%20los%20hace%20ideales%20para%20el%20aislamiento%20de%20bobinados%20y%20la%20protecci\u00f3n%20del%20n\u00facleo&hellip;\" \/>\n<meta property=\"og:locale\" content=\"es_ES\" \/>\n<meta property=\"og:type\" content=\"article\" \/>\n<meta property=\"og:title\" content=\"Tubo de cart\u00f3n corrugado Kraft para la industria de transformadores con aislamiento el\u00e9ctrico\" \/>\n<meta property=\"og:description\" content=\"Estos tubos aislantes de cart\u00f3n corrugado, fabricados con papel crep\u00e9 de alta calidad, est\u00e1n dise\u00f1ados para el aislamiento el\u00e9ctrico en transformadores, motores y equipos de alta tensi\u00f3n. Su estructura crep\u00e9 ofrece una flexibilidad, resistencia al calor y rigidez diel\u00e9ctrica superiores, lo que los hace ideales para el aislamiento de bobinados y la protecci\u00f3n del n\u00facleo&hellip;\" \/>\n<meta property=\"og:url\" content=\"https:\/\/dpsinovative.com\/es\/product\/tubo-de-carton-corrugado-kraft-para-la-industria-de-transformadores-con-aislamiento-electrico\/\" \/>\n<meta property=\"og:site_name\" content=\"DPS Invative\" \/>\n<meta property=\"article:modified_time\" content=\"2026-03-17T12:21:36+00:00\" \/>\n<meta property=\"og:image\" content=\"https:\/\/dpsinovative.com\/wp-content\/uploads\/2026\/03\/tubo-kraft.jpg\" \/>\n\t<meta property=\"og:image:width\" content=\"600\" \/>\n\t<meta property=\"og:image:height\" content=\"600\" \/>\n\t<meta property=\"og:image:type\" content=\"image\/jpeg\" \/>\n<meta name=\"twitter:card\" content=\"summary_large_image\" \/>\n<meta name=\"twitter:label1\" content=\"Tiempo de lectura\" \/>\n\t<meta name=\"twitter:data1\" content=\"1 minuto\" \/>\n<script type=\"application\/ld+json\" class=\"yoast-schema-graph\">{\"@context\":\"https:\\\/\\\/schema.org\",\"@graph\":[{\"@type\":\"WebPage\",\"@id\":\"https:\\\/\\\/dpsinovative.com\\\/es\\\/product\\\/tubo-de-carton-corrugado-kraft-para-la-industria-de-transformadores-con-aislamiento-electrico\\\/\",\"url\":\"https:\\\/\\\/dpsinovative.com\\\/es\\\/product\\\/tubo-de-carton-corrugado-kraft-para-la-industria-de-transformadores-con-aislamiento-electrico\\\/\",\"name\":\"Kraft corrugated cardboard tube for the transformer industry with electrical insulation - DPS Invative\",\"isPartOf\":{\"@id\":\"https:\\\/\\\/dpsinovative.com\\\/#website\"},\"primaryImageOfPage\":{\"@id\":\"https:\\\/\\\/dpsinovative.com\\\/es\\\/product\\\/tubo-de-carton-corrugado-kraft-para-la-industria-de-transformadores-con-aislamiento-electrico\\\/#primaryimage\"},\"image\":{\"@id\":\"https:\\\/\\\/dpsinovative.com\\\/es\\\/product\\\/tubo-de-carton-corrugado-kraft-para-la-industria-de-transformadores-con-aislamiento-electrico\\\/#primaryimage\"},\"thumbnailUrl\":\"https:\\\/\\\/dpsinovative.com\\\/wp-content\\\/uploads\\\/2026\\\/03\\\/tubo-kraft.jpg\",\"datePublished\":\"2026-03-14T14:37:17+00:00\",\"dateModified\":\"2026-03-17T12:21:36+00:00\",\"breadcrumb\":{\"@id\":\"https:\\\/\\\/dpsinovative.com\\\/es\\\/product\\\/tubo-de-carton-corrugado-kraft-para-la-industria-de-transformadores-con-aislamiento-electrico\\\/#breadcrumb\"},\"inLanguage\":\"es\",\"potentialAction\":[{\"@type\":\"ReadAction\",\"target\":[\"https:\\\/\\\/dpsinovative.com\\\/es\\\/product\\\/tubo-de-carton-corrugado-kraft-para-la-industria-de-transformadores-con-aislamiento-electrico\\\/\"]}]},{\"@type\":\"ImageObject\",\"inLanguage\":\"es\",\"@id\":\"https:\\\/\\\/dpsinovative.com\\\/es\\\/product\\\/tubo-de-carton-corrugado-kraft-para-la-industria-de-transformadores-con-aislamiento-electrico\\\/#primaryimage\",\"url\":\"https:\\\/\\\/dpsinovative.com\\\/wp-content\\\/uploads\\\/2026\\\/03\\\/tubo-kraft.jpg\",\"contentUrl\":\"https:\\\/\\\/dpsinovative.com\\\/wp-content\\\/uploads\\\/2026\\\/03\\\/tubo-kraft.jpg\",\"width\":600,\"height\":600},{\"@type\":\"BreadcrumbList\",\"@id\":\"https:\\\/\\\/dpsinovative.com\\\/es\\\/product\\\/tubo-de-carton-corrugado-kraft-para-la-industria-de-transformadores-con-aislamiento-electrico\\\/#breadcrumb\",\"itemListElement\":[{\"@type\":\"ListItem\",\"position\":1,\"name\":\"Hogar\",\"item\":\"https:\\\/\\\/dpsinovative.com\\\/\"},{\"@type\":\"ListItem\",\"position\":2,\"name\":\"Productos\",\"item\":\"https:\\\/\\\/dpsinovative.com\\\/shop\\\/\"},{\"@type\":\"ListItem\",\"position\":3,\"name\":\"Tubo de cart\u00f3n corrugado Kraft para la industria de transformadores con aislamiento el\u00e9ctrico\"}]},{\"@type\":\"WebSite\",\"@id\":\"https:\\\/\\\/dpsinovative.com\\\/es\\\/#website\",\"url\":\"https:\\\/\\\/dpsinovative.com\\\/es\\\/\",\"name\":\"DPS Invative\",\"description\":\"Dielectric Products &amp; Solutions\",\"potentialAction\":[{\"@type\":\"SearchAction\",\"target\":{\"@type\":\"EntryPoint\",\"urlTemplate\":\"https:\\\/\\\/dpsinovative.com\\\/es\\\/?s={search_term_string}\"},\"query-input\":{\"@type\":\"PropertyValueSpecification\",\"valueRequired\":true,\"valueName\":\"search_term_string\"}}],\"inLanguage\":\"es\"}]}<\/script>\n<!-- \/ Yoast SEO plugin. -->","yoast_head_json":{"title":"Tubo de cart\u00f3n corrugado Kraft para la industria de transformadores con aislamiento el\u00e9ctrico","description":"Estos tubos aislantes de cart\u00f3n corrugado, fabricados con papel crep\u00e9 de alta calidad, est\u00e1n dise\u00f1ados para el aislamiento el\u00e9ctrico en transformadores, motores y equipos de alta tensi\u00f3n. Su estructura crep\u00e9 ofrece una flexibilidad, resistencia al calor y rigidez diel\u00e9ctrica superiores, lo que los hace ideales para el aislamiento de bobinados y la protecci\u00f3n del n\u00facleo&hellip;","robots":{"index":"index","follow":"follow","max-snippet":"max-snippet:-1","max-image-preview":"max-image-preview:large","max-video-preview":"max-video-preview:-1"},"canonical":"Estos tubos aislantes de cart\u00f3n corrugado, fabricados con papel crep\u00e9 de alta calidad, est\u00e1n dise\u00f1ados para el aislamiento el\u00e9ctrico en transformadores, motores y equipos de alta tensi\u00f3n. Su estructura crep\u00e9 ofrece una flexibilidad, resistencia al calor y rigidez diel\u00e9ctrica superiores, lo que los hace ideales para el aislamiento de bobinados y la protecci\u00f3n del n\u00facleo&hellip;","og_locale":"es_ES","og_type":"article","og_title":"Tubo de cart\u00f3n corrugado Kraft para la industria de transformadores con aislamiento el\u00e9ctrico","og_description":"Estos tubos aislantes de cart\u00f3n corrugado, fabricados con papel crep\u00e9 de alta calidad, est\u00e1n dise\u00f1ados para el aislamiento el\u00e9ctrico en transformadores, motores y equipos de alta tensi\u00f3n. Su estructura crep\u00e9 ofrece una flexibilidad, resistencia al calor y rigidez diel\u00e9ctrica superiores, lo que los hace ideales para el aislamiento de bobinados y la protecci\u00f3n del n\u00facleo&hellip;","og_url":"https:\/\/dpsinovative.com\/es\/product\/tubo-de-carton-corrugado-kraft-para-la-industria-de-transformadores-con-aislamiento-electrico\/","og_site_name":"DPS Invative","article_modified_time":"2026-03-17T12:21:36+00:00","og_image":[{"width":600,"height":600,"url":"https:\/\/dpsinovative.com\/wp-content\/uploads\/2026\/03\/tubo-kraft.jpg","type":"image\/jpeg"}],"twitter_card":"summary_large_image","twitter_misc":{"Tiempo de lectura":"1 minuto"},"schema":{"@context":"https:\/\/schema.org","@graph":[{"@type":"WebPage","@id":"https:\/\/dpsinovative.com\/es\/product\/tubo-de-carton-corrugado-kraft-para-la-industria-de-transformadores-con-aislamiento-electrico\/","url":"https:\/\/dpsinovative.com\/es\/product\/tubo-de-carton-corrugado-kraft-para-la-industria-de-transformadores-con-aislamiento-electrico\/","name":"Kraft corrugated cardboard tube for the transformer industry with electrical insulation - DPS Invative","isPartOf":{"@id":"https:\/\/dpsinovative.com\/#website"},"primaryImageOfPage":{"@id":"https:\/\/dpsinovative.com\/es\/product\/tubo-de-carton-corrugado-kraft-para-la-industria-de-transformadores-con-aislamiento-electrico\/#primaryimage"},"image":{"@id":"https:\/\/dpsinovative.com\/es\/product\/tubo-de-carton-corrugado-kraft-para-la-industria-de-transformadores-con-aislamiento-electrico\/#primaryimage"},"thumbnailUrl":"https:\/\/dpsinovative.com\/wp-content\/uploads\/2026\/03\/tubo-kraft.jpg","datePublished":"2026-03-14T14:37:17+00:00","dateModified":"2026-03-17T12:21:36+00:00","breadcrumb":{"@id":"https:\/\/dpsinovative.com\/es\/product\/tubo-de-carton-corrugado-kraft-para-la-industria-de-transformadores-con-aislamiento-electrico\/#breadcrumb"},"inLanguage":"es","potentialAction":[{"@type":"ReadAction","target":["https:\/\/dpsinovative.com\/es\/product\/tubo-de-carton-corrugado-kraft-para-la-industria-de-transformadores-con-aislamiento-electrico\/"]}]},{"@type":"ImageObject","inLanguage":"es","@id":"https:\/\/dpsinovative.com\/es\/product\/tubo-de-carton-corrugado-kraft-para-la-industria-de-transformadores-con-aislamiento-electrico\/#primaryimage","url":"https:\/\/dpsinovative.com\/wp-content\/uploads\/2026\/03\/tubo-kraft.jpg","contentUrl":"https:\/\/dpsinovative.com\/wp-content\/uploads\/2026\/03\/tubo-kraft.jpg","width":600,"height":600},{"@type":"BreadcrumbList","@id":"https:\/\/dpsinovative.com\/es\/product\/tubo-de-carton-corrugado-kraft-para-la-industria-de-transformadores-con-aislamiento-electrico\/#breadcrumb","itemListElement":[{"@type":"ListItem","position":1,"name":"Hogar","item":"https:\/\/dpsinovative.com\/"},{"@type":"ListItem","position":2,"name":"Productos","item":"https:\/\/dpsinovative.com\/shop\/"},{"@type":"ListItem","position":3,"name":"Tubo de cart\u00f3n corrugado Kraft para la industria de transformadores con aislamiento el\u00e9ctrico"}]},{"@type":"WebSite","@id":"https:\/\/dpsinovative.com\/es\/#website","url":"https:\/\/dpsinovative.com\/es\/","name":"DPS Invative","description":"Dielectric Products &amp; Solutions","potentialAction":[{"@type":"SearchAction","target":{"@type":"EntryPoint","urlTemplate":"https:\/\/dpsinovative.com\/es\/?s={search_term_string}"},"query-input":{"@type":"PropertyValueSpecification","valueRequired":true,"valueName":"search_term_string"}}],"inLanguage":"es"}]}},"_links":{"self":[{"href":"https:\/\/dpsinovative.com\/es\/wp-json\/wp\/v2\/product\/739","targetHints":{"allow":["GET"]}}],"collection":[{"href":"https:\/\/dpsinovative.com\/es\/wp-json\/wp\/v2\/product"}],"about":[{"href":"https:\/\/dpsinovative.com\/es\/wp-json\/wp\/v2\/types\/product"}],"replies":[{"embeddable":true,"href":"https:\/\/dpsinovative.com\/es\/wp-json\/wp\/v2\/comments?post=739"}],"wp:featuredmedia":[{"embeddable":true,"href":"https:\/\/dpsinovative.com\/es\/wp-json\/wp\/v2\/media\/740"}],"wp:attachment":[{"href":"https:\/\/dpsinovative.com\/es\/wp-json\/wp\/v2\/media?parent=739"}],"wp:term":[{"taxonomy":"product_brand","embeddable":true,"href":"https:\/\/dpsinovative.com\/es\/wp-json\/wp\/v2\/product_brand?post=739"},{"taxonomy":"product_cat","embeddable":true,"href":"https:\/\/dpsinovative.com\/es\/wp-json\/wp\/v2\/product_cat?post=739"},{"taxonomy":"product_tag","embeddable":true,"href":"https:\/\/dpsinovative.com\/es\/wp-json\/wp\/v2\/product_tag?post=739"}],"curies":[{"name":"wp","href":"https:\/\/api.w.org\/{rel}","templated":true}]}}