{"id":918,"date":"2026-04-30T15:58:02","date_gmt":"2026-04-30T15:58:02","guid":{"rendered":"https:\/\/dpsinovative.com\/product\/\/"},"modified":"2026-05-04T12:14:28","modified_gmt":"2026-05-04T12:14:28","slug":"clack-band","status":"publish","type":"product","link":"https:\/\/dpsinovative.com\/es\/product\/calzas-axiales\/","title":{"rendered":"Calzas axiales"},"content":{"rendered":"<p>DPS ofrece una completa gama de componentes de aislamiento para transformadores de potencia. Gracias a nuestra amplia experiencia e innovaci\u00f3n constante, fabricamos piezas de alta calidad mediante procesos de alta capacidad y repetibilidad, garantizando as\u00ed la fiabilidad de nuestros productos. Utilizamos tecnolog\u00eda de mecanizado y control de procesos de vanguardia: centros CNC de \u00faltima generaci\u00f3n, rob\u00f3tica y automatizaci\u00f3n, monitorizaci\u00f3n en tiempo real, control estad\u00edstico de procesos (SPC) y trazabilidad completa, lo que garantiza precisi\u00f3n y una calidad constante.<\/p>\n","protected":false},"excerpt":{"rendered":"<p>DPS ofrece una completa gama de componentes de aislamiento para transformadores de potencia. Gracias a nuestra amplia experiencia e innovaci\u00f3n constante, fabricamos piezas de alta calidad mediante procesos de alta capacidad y repetibilidad, garantizando as\u00ed la fiabilidad de nuestros productos. Utilizamos tecnolog\u00eda de mecanizado y control de procesos de vanguardia: centros CNC de \u00faltima generaci\u00f3n, [&hellip;]<\/p>\n","protected":false},"featured_media":936,"comment_status":"open","ping_status":"closed","template":"","meta":{"_et_pb_use_builder":"","_et_pb_old_content":"","_et_gb_content_width":""},"product_brand":[],"product_cat":[25],"product_tag":[],"class_list":{"0":"post-918","1":"product","2":"type-product","3":"status-publish","4":"has-post-thumbnail","6":"product_cat-insulation","8":"first","9":"instock","10":"shipping-taxable","11":"product-type-simple"},"yoast_head":"<!-- This site is optimized with the Yoast SEO plugin v27.5 - https:\/\/yoast.com\/product\/yoast-seo-wordpress\/ -->\n<title>Calzas axiales<\/title>\n<meta name=\"description\" content=\"DPS ofrece una completa gama de componentes de aislamiento para transformadores de potencia. Gracias a nuestra amplia experiencia e innovaci\u00f3n constante, fabricamos piezas de alta calidad mediante procesos de alta capacidad y repetibilidad, garantizando as\u00ed la fiabilidad de nuestros productos. Utilizamos tecnolog\u00eda de mecanizado y control de procesos de vanguardia: centros CNC de \u00faltima generaci\u00f3n,&hellip;\" \/>\n<meta name=\"robots\" content=\"index, follow, max-snippet:-1, max-image-preview:large, max-video-preview:-1\" \/>\n<link rel=\"canonical\" href=\"\" \/>\n<meta property=\"og:locale\" content=\"es_ES\" \/>\n<meta property=\"og:type\" content=\"article\" \/>\n<meta property=\"og:title\" content=\"Calzas axiales\" \/>\n<meta property=\"og:description\" content=\"DPS ofrece una completa gama de componentes de aislamiento para transformadores de potencia. Gracias a nuestra amplia experiencia e innovaci\u00f3n constante, fabricamos piezas de alta calidad mediante procesos de alta capacidad y repetibilidad, garantizando as\u00ed la fiabilidad de nuestros productos. Utilizamos tecnolog\u00eda de mecanizado y control de procesos de vanguardia: centros CNC de \u00faltima generaci\u00f3n,&hellip;\" \/>\n<meta property=\"og:url\" content=\"https:\/\/dpsinovative.com\/es\/product\/calzas-axiales\/\" \/>\n<meta property=\"og:site_name\" content=\"DPS Invative\" \/>\n<meta property=\"article:modified_time\" content=\"2026-05-04T12:14:28+00:00\" \/>\n<meta property=\"og:image\" content=\"https:\/\/dpsinovative.com\/wp-content\/uploads\/2026\/04\/ChatGPT-Image-4-de-mai.-de-2026-09_12_27.png\" \/>\n\t<meta property=\"og:image:width\" content=\"1254\" \/>\n\t<meta property=\"og:image:height\" content=\"1254\" \/>\n\t<meta property=\"og:image:type\" content=\"image\/png\" \/>\n<meta name=\"twitter:card\" content=\"summary_large_image\" \/>\n<meta name=\"twitter:label1\" content=\"Tiempo de lectura\" \/>\n\t<meta name=\"twitter:data1\" content=\"1 minuto\" \/>\n<script type=\"application\/ld+json\" class=\"yoast-schema-graph\">{\"@context\":\"https:\\\/\\\/schema.org\",\"@graph\":[{\"@type\":\"WebPage\",\"@id\":\"https:\\\/\\\/dpsinovative.com\\\/es\\\/product\\\/calzas-axiales\\\/\",\"url\":\"https:\\\/\\\/dpsinovative.com\\\/es\\\/product\\\/calzas-axiales\\\/\",\"name\":\"Clack Band - DPS Invative\",\"isPartOf\":{\"@id\":\"https:\\\/\\\/dpsinovative.com\\\/#website\"},\"primaryImageOfPage\":{\"@id\":\"https:\\\/\\\/dpsinovative.com\\\/es\\\/product\\\/calzas-axiales\\\/#primaryimage\"},\"image\":{\"@id\":\"https:\\\/\\\/dpsinovative.com\\\/es\\\/product\\\/calzas-axiales\\\/#primaryimage\"},\"thumbnailUrl\":\"https:\\\/\\\/dpsinovative.com\\\/wp-content\\\/uploads\\\/2026\\\/04\\\/ChatGPT-Image-4-de-mai.-de-2026-09_12_27.png\",\"datePublished\":\"2026-04-30T15:58:02+00:00\",\"dateModified\":\"2026-05-04T12:14:28+00:00\",\"description\":\"DPS provides high-quality insulation components for power transformers, combining advanced CNC machining, automation, SPC, and full traceability.\",\"breadcrumb\":{\"@id\":\"https:\\\/\\\/dpsinovative.com\\\/es\\\/product\\\/calzas-axiales\\\/#breadcrumb\"},\"inLanguage\":\"es\",\"potentialAction\":[{\"@type\":\"ReadAction\",\"target\":[\"https:\\\/\\\/dpsinovative.com\\\/es\\\/product\\\/calzas-axiales\\\/\"]}]},{\"@type\":\"ImageObject\",\"inLanguage\":\"es\",\"@id\":\"https:\\\/\\\/dpsinovative.com\\\/es\\\/product\\\/calzas-axiales\\\/#primaryimage\",\"url\":\"https:\\\/\\\/dpsinovative.com\\\/wp-content\\\/uploads\\\/2026\\\/04\\\/ChatGPT-Image-4-de-mai.-de-2026-09_12_27.png\",\"contentUrl\":\"https:\\\/\\\/dpsinovative.com\\\/wp-content\\\/uploads\\\/2026\\\/04\\\/ChatGPT-Image-4-de-mai.-de-2026-09_12_27.png\",\"width\":1254,\"height\":1254,\"caption\":\"produto\"},{\"@type\":\"BreadcrumbList\",\"@id\":\"https:\\\/\\\/dpsinovative.com\\\/es\\\/product\\\/calzas-axiales\\\/#breadcrumb\",\"itemListElement\":[{\"@type\":\"ListItem\",\"position\":1,\"name\":\"Hogar\",\"item\":\"https:\\\/\\\/dpsinovative.com\\\/\"},{\"@type\":\"ListItem\",\"position\":2,\"name\":\"Productos\",\"item\":\"https:\\\/\\\/dpsinovative.com\\\/shop\\\/\"},{\"@type\":\"ListItem\",\"position\":3,\"name\":\"Calzas axiales\"}]},{\"@type\":\"WebSite\",\"@id\":\"https:\\\/\\\/dpsinovative.com\\\/es\\\/#website\",\"url\":\"https:\\\/\\\/dpsinovative.com\\\/es\\\/\",\"name\":\"DPS Invative\",\"description\":\"Dielectric Products &amp; Solutions\",\"potentialAction\":[{\"@type\":\"SearchAction\",\"target\":{\"@type\":\"EntryPoint\",\"urlTemplate\":\"https:\\\/\\\/dpsinovative.com\\\/es\\\/?s={search_term_string}\"},\"query-input\":{\"@type\":\"PropertyValueSpecification\",\"valueRequired\":true,\"valueName\":\"search_term_string\"}}],\"inLanguage\":\"es\"}]}<\/script>\n<!-- \/ Yoast SEO plugin. -->","yoast_head_json":{"title":"Calzas axiales","description":"DPS ofrece una completa gama de componentes de aislamiento para transformadores de potencia. Gracias a nuestra amplia experiencia e innovaci\u00f3n constante, fabricamos piezas de alta calidad mediante procesos de alta capacidad y repetibilidad, garantizando as\u00ed la fiabilidad de nuestros productos. Utilizamos tecnolog\u00eda de mecanizado y control de procesos de vanguardia: centros CNC de \u00faltima generaci\u00f3n,&hellip;","robots":{"index":"index","follow":"follow","max-snippet":"max-snippet:-1","max-image-preview":"max-image-preview:large","max-video-preview":"max-video-preview:-1"},"canonical":"DPS ofrece una completa gama de componentes de aislamiento para transformadores de potencia. Gracias a nuestra amplia experiencia e innovaci\u00f3n constante, fabricamos piezas de alta calidad mediante procesos de alta capacidad y repetibilidad, garantizando as\u00ed la fiabilidad de nuestros productos. Utilizamos tecnolog\u00eda de mecanizado y control de procesos de vanguardia: centros CNC de \u00faltima generaci\u00f3n,&hellip;","og_locale":"es_ES","og_type":"article","og_title":"Calzas axiales","og_description":"DPS ofrece una completa gama de componentes de aislamiento para transformadores de potencia. Gracias a nuestra amplia experiencia e innovaci\u00f3n constante, fabricamos piezas de alta calidad mediante procesos de alta capacidad y repetibilidad, garantizando as\u00ed la fiabilidad de nuestros productos. Utilizamos tecnolog\u00eda de mecanizado y control de procesos de vanguardia: centros CNC de \u00faltima generaci\u00f3n,&hellip;","og_url":"https:\/\/dpsinovative.com\/es\/product\/calzas-axiales\/","og_site_name":"DPS Invative","article_modified_time":"2026-05-04T12:14:28+00:00","og_image":[{"width":1254,"height":1254,"url":"https:\/\/dpsinovative.com\/wp-content\/uploads\/2026\/04\/ChatGPT-Image-4-de-mai.-de-2026-09_12_27.png","type":"image\/png"}],"twitter_card":"summary_large_image","twitter_misc":{"Tiempo de lectura":"1 minuto"},"schema":{"@context":"https:\/\/schema.org","@graph":[{"@type":"WebPage","@id":"https:\/\/dpsinovative.com\/es\/product\/calzas-axiales\/","url":"https:\/\/dpsinovative.com\/es\/product\/calzas-axiales\/","name":"Clack Band - DPS Invative","isPartOf":{"@id":"https:\/\/dpsinovative.com\/#website"},"primaryImageOfPage":{"@id":"https:\/\/dpsinovative.com\/es\/product\/calzas-axiales\/#primaryimage"},"image":{"@id":"https:\/\/dpsinovative.com\/es\/product\/calzas-axiales\/#primaryimage"},"thumbnailUrl":"https:\/\/dpsinovative.com\/wp-content\/uploads\/2026\/04\/ChatGPT-Image-4-de-mai.-de-2026-09_12_27.png","datePublished":"2026-04-30T15:58:02+00:00","dateModified":"2026-05-04T12:14:28+00:00","description":"DPS provides high-quality insulation components for power transformers, combining advanced CNC machining, automation, SPC, and full traceability.","breadcrumb":{"@id":"https:\/\/dpsinovative.com\/es\/product\/calzas-axiales\/#breadcrumb"},"inLanguage":"es","potentialAction":[{"@type":"ReadAction","target":["https:\/\/dpsinovative.com\/es\/product\/calzas-axiales\/"]}]},{"@type":"ImageObject","inLanguage":"es","@id":"https:\/\/dpsinovative.com\/es\/product\/calzas-axiales\/#primaryimage","url":"https:\/\/dpsinovative.com\/wp-content\/uploads\/2026\/04\/ChatGPT-Image-4-de-mai.-de-2026-09_12_27.png","contentUrl":"https:\/\/dpsinovative.com\/wp-content\/uploads\/2026\/04\/ChatGPT-Image-4-de-mai.-de-2026-09_12_27.png","width":1254,"height":1254,"caption":"produto"},{"@type":"BreadcrumbList","@id":"https:\/\/dpsinovative.com\/es\/product\/calzas-axiales\/#breadcrumb","itemListElement":[{"@type":"ListItem","position":1,"name":"Hogar","item":"https:\/\/dpsinovative.com\/"},{"@type":"ListItem","position":2,"name":"Productos","item":"https:\/\/dpsinovative.com\/shop\/"},{"@type":"ListItem","position":3,"name":"Calzas axiales"}]},{"@type":"WebSite","@id":"https:\/\/dpsinovative.com\/es\/#website","url":"https:\/\/dpsinovative.com\/es\/","name":"DPS Invative","description":"Dielectric Products &amp; Solutions","potentialAction":[{"@type":"SearchAction","target":{"@type":"EntryPoint","urlTemplate":"https:\/\/dpsinovative.com\/es\/?s={search_term_string}"},"query-input":{"@type":"PropertyValueSpecification","valueRequired":true,"valueName":"search_term_string"}}],"inLanguage":"es"}]}},"_links":{"self":[{"href":"https:\/\/dpsinovative.com\/es\/wp-json\/wp\/v2\/product\/918","targetHints":{"allow":["GET"]}}],"collection":[{"href":"https:\/\/dpsinovative.com\/es\/wp-json\/wp\/v2\/product"}],"about":[{"href":"https:\/\/dpsinovative.com\/es\/wp-json\/wp\/v2\/types\/product"}],"replies":[{"embeddable":true,"href":"https:\/\/dpsinovative.com\/es\/wp-json\/wp\/v2\/comments?post=918"}],"wp:featuredmedia":[{"embeddable":true,"href":"https:\/\/dpsinovative.com\/es\/wp-json\/wp\/v2\/media\/936"}],"wp:attachment":[{"href":"https:\/\/dpsinovative.com\/es\/wp-json\/wp\/v2\/media?parent=918"}],"wp:term":[{"taxonomy":"product_brand","embeddable":true,"href":"https:\/\/dpsinovative.com\/es\/wp-json\/wp\/v2\/product_brand?post=918"},{"taxonomy":"product_cat","embeddable":true,"href":"https:\/\/dpsinovative.com\/es\/wp-json\/wp\/v2\/product_cat?post=918"},{"taxonomy":"product_tag","embeddable":true,"href":"https:\/\/dpsinovative.com\/es\/wp-json\/wp\/v2\/product_tag?post=918"}],"curies":[{"name":"wp","href":"https:\/\/api.w.org\/{rel}","templated":true}]}}