{"id":923,"date":"2026-04-30T16:50:22","date_gmt":"2026-04-30T16:50:22","guid":{"rendered":"https:\/\/dpsinovative.com\/product\/\/"},"modified":"2026-05-04T12:10:13","modified_gmt":"2026-05-04T12:10:13","slug":"edge-protection","status":"publish","type":"product","link":"https:\/\/dpsinovative.com\/es\/product\/proteccion-de-bordes\/","title":{"rendered":"protecci\u00f3n de bordes"},"content":{"rendered":"<p>DPS ofrece una l\u00ednea de piezas moldeadas para transformadores de potencia, incluyendo cubiertas, anillos, tubos con bridas, salidas de alta tensi\u00f3n y otros componentes cr\u00edticos, fabricados seg\u00fan las especificaciones de cada proyecto. Producidas con gran rigor t\u00e9cnico, las piezas cumplen con los requisitos de rendimiento diel\u00e9ctrico y resistencia mec\u00e1nica, garantizando la fiabilidad en aplicaciones industriales y de alta tensi\u00f3n. Las piezas moldeadas de DPS se fabrican exclusivamente con fibras de celulosa pura, sin la adici\u00f3n de aglutinantes. La combinaci\u00f3n optimizada de resistencia el\u00e9ctrica y mec\u00e1nica se logra mediante el uso de pulpa de celulosa de con\u00edferas procedente de bosques sub\u00e1rticos, tratada mediante el proceso de sulfato. Empleamos pulpa diel\u00e9ctrica de proveedores seleccionados, reconocidos por su calidad estable y bajo contenido de impurezas electrol\u00edticas, lo que garantiza propiedades diel\u00e9ctricas superiores en los productos finales.<\/p>\n","protected":false},"excerpt":{"rendered":"<p>DPS ofrece una l\u00ednea de piezas moldeadas para transformadores de potencia, incluyendo cubiertas, anillos, tubos con bridas, salidas de alta tensi\u00f3n y otros componentes cr\u00edticos, fabricados seg\u00fan las especificaciones de cada proyecto. Producidas con gran rigor t\u00e9cnico, las piezas cumplen con los requisitos de rendimiento diel\u00e9ctrico y resistencia mec\u00e1nica, garantizando la fiabilidad en aplicaciones industriales [&hellip;]<\/p>\n","protected":false},"featured_media":935,"comment_status":"open","ping_status":"closed","template":"","meta":{"_et_pb_use_builder":"off","_et_pb_old_content":"DPS offers a line of molded parts for power transformers \u2014 including covers, rings, flanged tubes, high-voltage outputs, and other critical components \u2014 manufactured according to the specifications of each project. Produced with high technical rigor, the parts meet the requirements for dielectric performance and mechanical resistance, guaranteeing reliability in industrial and high-voltage applications.\r\n\r\nDPS molded parts are produced exclusively with pure cellulose fibers, without the addition of binding agents. The optimized combination of electrical and mechanical resistance results from the use of coniferous cellulose pulp from subarctic forests, treated by the sulfate process. We employ dielectric pulp from selected suppliers, recognized for their stable quality and low electrolytic impurity content, ensuring superior dielectric properties in the final products.","_et_gb_content_width":""},"product_brand":[],"product_cat":[23],"product_tag":[],"class_list":{"0":"post-923","1":"product","2":"type-product","3":"status-publish","4":"has-post-thumbnail","6":"product_cat-molded","8":"first","9":"instock","10":"shipping-taxable","11":"product-type-simple"},"yoast_head":"<!-- This site is optimized with the Yoast SEO plugin v27.5 - https:\/\/yoast.com\/product\/yoast-seo-wordpress\/ -->\n<title>protecci\u00f3n de bordes<\/title>\n<meta name=\"description\" content=\"DPS ofrece una l\u00ednea de piezas moldeadas para transformadores de potencia, incluyendo cubiertas, anillos, tubos con bridas, salidas de alta tensi\u00f3n y otros componentes cr\u00edticos, fabricados seg\u00fan las especificaciones de cada proyecto. Producidas con gran rigor t\u00e9cnico, las piezas cumplen con los requisitos de rendimiento diel\u00e9ctrico y resistencia mec\u00e1nica, garantizando la fiabilidad en aplicaciones industriales&hellip;\" \/>\n<meta name=\"robots\" content=\"index, follow, max-snippet:-1, max-image-preview:large, max-video-preview:-1\" \/>\n<link rel=\"canonical\" href=\"http:\/\/DPS%20ofrece%20una%20l\u00ednea%20de%20piezas%20moldeadas%20para%20transformadores%20de%20potencia,%20incluyendo%20cubiertas,%20anillos,%20tubos%20con%20bridas,%20salidas%20de%20alta%20tensi\u00f3n%20y%20otros%20componentes%20cr\u00edticos,%20fabricados%20seg\u00fan%20las%20especificaciones%20de%20cada%20proyecto.%20Producidas%20con%20gran%20rigor%20t\u00e9cnico,%20las%20piezas%20cumplen%20con%20los%20requisitos%20de%20rendimiento%20diel\u00e9ctrico%20y%20resistencia%20mec\u00e1nica,%20garantizando%20la%20fiabilidad%20en%20aplicaciones%20industriales&hellip;\" \/>\n<meta property=\"og:locale\" content=\"es_ES\" \/>\n<meta property=\"og:type\" content=\"article\" \/>\n<meta property=\"og:title\" content=\"protecci\u00f3n de bordes\" \/>\n<meta property=\"og:description\" content=\"DPS ofrece una l\u00ednea de piezas moldeadas para transformadores de potencia, incluyendo cubiertas, anillos, tubos con bridas, salidas de alta tensi\u00f3n y otros componentes cr\u00edticos, fabricados seg\u00fan las especificaciones de cada proyecto. Producidas con gran rigor t\u00e9cnico, las piezas cumplen con los requisitos de rendimiento diel\u00e9ctrico y resistencia mec\u00e1nica, garantizando la fiabilidad en aplicaciones industriales&hellip;\" \/>\n<meta property=\"og:url\" content=\"https:\/\/dpsinovative.com\/es\/product\/proteccion-de-bordes\/\" \/>\n<meta property=\"og:site_name\" content=\"DPS Invative\" \/>\n<meta property=\"article:modified_time\" content=\"2026-05-04T12:10:13+00:00\" \/>\n<meta property=\"og:image\" content=\"https:\/\/dpsinovative.com\/wp-content\/uploads\/2026\/04\/ChatGPT-Image-4-de-mai.-de-2026-09_09_33.png\" \/>\n\t<meta property=\"og:image:width\" content=\"1254\" \/>\n\t<meta property=\"og:image:height\" content=\"1254\" \/>\n\t<meta property=\"og:image:type\" content=\"image\/png\" \/>\n<meta name=\"twitter:card\" content=\"summary_large_image\" \/>\n<meta name=\"twitter:label1\" content=\"Tiempo de lectura\" \/>\n\t<meta name=\"twitter:data1\" content=\"1 minuto\" \/>\n<script type=\"application\/ld+json\" class=\"yoast-schema-graph\">{\"@context\":\"https:\\\/\\\/schema.org\",\"@graph\":[{\"@type\":\"WebPage\",\"@id\":\"https:\\\/\\\/dpsinovative.com\\\/es\\\/product\\\/proteccion-de-bordes\\\/\",\"url\":\"https:\\\/\\\/dpsinovative.com\\\/es\\\/product\\\/proteccion-de-bordes\\\/\",\"name\":\"Edge Protection - DPS Invative\",\"isPartOf\":{\"@id\":\"https:\\\/\\\/dpsinovative.com\\\/#website\"},\"primaryImageOfPage\":{\"@id\":\"https:\\\/\\\/dpsinovative.com\\\/es\\\/product\\\/proteccion-de-bordes\\\/#primaryimage\"},\"image\":{\"@id\":\"https:\\\/\\\/dpsinovative.com\\\/es\\\/product\\\/proteccion-de-bordes\\\/#primaryimage\"},\"thumbnailUrl\":\"https:\\\/\\\/dpsinovative.com\\\/wp-content\\\/uploads\\\/2026\\\/04\\\/ChatGPT-Image-4-de-mai.-de-2026-09_09_33.png\",\"datePublished\":\"2026-04-30T16:50:22+00:00\",\"dateModified\":\"2026-05-04T12:10:13+00:00\",\"description\":\"DPS provides custom molded insulation parts for power transformers, made from pure cellulose fibers for dielectric performance and mechanical strength.\",\"breadcrumb\":{\"@id\":\"https:\\\/\\\/dpsinovative.com\\\/es\\\/product\\\/proteccion-de-bordes\\\/#breadcrumb\"},\"inLanguage\":\"es\",\"potentialAction\":[{\"@type\":\"ReadAction\",\"target\":[\"https:\\\/\\\/dpsinovative.com\\\/es\\\/product\\\/proteccion-de-bordes\\\/\"]}]},{\"@type\":\"ImageObject\",\"inLanguage\":\"es\",\"@id\":\"https:\\\/\\\/dpsinovative.com\\\/es\\\/product\\\/proteccion-de-bordes\\\/#primaryimage\",\"url\":\"https:\\\/\\\/dpsinovative.com\\\/wp-content\\\/uploads\\\/2026\\\/04\\\/ChatGPT-Image-4-de-mai.-de-2026-09_09_33.png\",\"contentUrl\":\"https:\\\/\\\/dpsinovative.com\\\/wp-content\\\/uploads\\\/2026\\\/04\\\/ChatGPT-Image-4-de-mai.-de-2026-09_09_33.png\",\"width\":1254,\"height\":1254,\"caption\":\"PRODUTO\"},{\"@type\":\"BreadcrumbList\",\"@id\":\"https:\\\/\\\/dpsinovative.com\\\/es\\\/product\\\/proteccion-de-bordes\\\/#breadcrumb\",\"itemListElement\":[{\"@type\":\"ListItem\",\"position\":1,\"name\":\"Hogar\",\"item\":\"https:\\\/\\\/dpsinovative.com\\\/\"},{\"@type\":\"ListItem\",\"position\":2,\"name\":\"Productos\",\"item\":\"https:\\\/\\\/dpsinovative.com\\\/shop\\\/\"},{\"@type\":\"ListItem\",\"position\":3,\"name\":\"protecci\u00f3n de bordes\"}]},{\"@type\":\"WebSite\",\"@id\":\"https:\\\/\\\/dpsinovative.com\\\/es\\\/#website\",\"url\":\"https:\\\/\\\/dpsinovative.com\\\/es\\\/\",\"name\":\"DPS Invative\",\"description\":\"Dielectric Products &amp; Solutions\",\"potentialAction\":[{\"@type\":\"SearchAction\",\"target\":{\"@type\":\"EntryPoint\",\"urlTemplate\":\"https:\\\/\\\/dpsinovative.com\\\/es\\\/?s={search_term_string}\"},\"query-input\":{\"@type\":\"PropertyValueSpecification\",\"valueRequired\":true,\"valueName\":\"search_term_string\"}}],\"inLanguage\":\"es\"}]}<\/script>\n<!-- \/ Yoast SEO plugin. -->","yoast_head_json":{"title":"protecci\u00f3n de bordes","description":"DPS ofrece una l\u00ednea de piezas moldeadas para transformadores de potencia, incluyendo cubiertas, anillos, tubos con bridas, salidas de alta tensi\u00f3n y otros componentes cr\u00edticos, fabricados seg\u00fan las especificaciones de cada proyecto. Producidas con gran rigor t\u00e9cnico, las piezas cumplen con los requisitos de rendimiento diel\u00e9ctrico y resistencia mec\u00e1nica, garantizando la fiabilidad en aplicaciones industriales&hellip;","robots":{"index":"index","follow":"follow","max-snippet":"max-snippet:-1","max-image-preview":"max-image-preview:large","max-video-preview":"max-video-preview:-1"},"canonical":"DPS ofrece una l\u00ednea de piezas moldeadas para transformadores de potencia, incluyendo cubiertas, anillos, tubos con bridas, salidas de alta tensi\u00f3n y otros componentes cr\u00edticos, fabricados seg\u00fan las especificaciones de cada proyecto. Producidas con gran rigor t\u00e9cnico, las piezas cumplen con los requisitos de rendimiento diel\u00e9ctrico y resistencia mec\u00e1nica, garantizando la fiabilidad en aplicaciones industriales&hellip;","og_locale":"es_ES","og_type":"article","og_title":"protecci\u00f3n de bordes","og_description":"DPS ofrece una l\u00ednea de piezas moldeadas para transformadores de potencia, incluyendo cubiertas, anillos, tubos con bridas, salidas de alta tensi\u00f3n y otros componentes cr\u00edticos, fabricados seg\u00fan las especificaciones de cada proyecto. Producidas con gran rigor t\u00e9cnico, las piezas cumplen con los requisitos de rendimiento diel\u00e9ctrico y resistencia mec\u00e1nica, garantizando la fiabilidad en aplicaciones industriales&hellip;","og_url":"https:\/\/dpsinovative.com\/es\/product\/proteccion-de-bordes\/","og_site_name":"DPS Invative","article_modified_time":"2026-05-04T12:10:13+00:00","og_image":[{"width":1254,"height":1254,"url":"https:\/\/dpsinovative.com\/wp-content\/uploads\/2026\/04\/ChatGPT-Image-4-de-mai.-de-2026-09_09_33.png","type":"image\/png"}],"twitter_card":"summary_large_image","twitter_misc":{"Tiempo de lectura":"1 minuto"},"schema":{"@context":"https:\/\/schema.org","@graph":[{"@type":"WebPage","@id":"https:\/\/dpsinovative.com\/es\/product\/proteccion-de-bordes\/","url":"https:\/\/dpsinovative.com\/es\/product\/proteccion-de-bordes\/","name":"Edge Protection - DPS Invative","isPartOf":{"@id":"https:\/\/dpsinovative.com\/#website"},"primaryImageOfPage":{"@id":"https:\/\/dpsinovative.com\/es\/product\/proteccion-de-bordes\/#primaryimage"},"image":{"@id":"https:\/\/dpsinovative.com\/es\/product\/proteccion-de-bordes\/#primaryimage"},"thumbnailUrl":"https:\/\/dpsinovative.com\/wp-content\/uploads\/2026\/04\/ChatGPT-Image-4-de-mai.-de-2026-09_09_33.png","datePublished":"2026-04-30T16:50:22+00:00","dateModified":"2026-05-04T12:10:13+00:00","description":"DPS provides custom molded insulation parts for power transformers, made from pure cellulose fibers for dielectric performance and mechanical strength.","breadcrumb":{"@id":"https:\/\/dpsinovative.com\/es\/product\/proteccion-de-bordes\/#breadcrumb"},"inLanguage":"es","potentialAction":[{"@type":"ReadAction","target":["https:\/\/dpsinovative.com\/es\/product\/proteccion-de-bordes\/"]}]},{"@type":"ImageObject","inLanguage":"es","@id":"https:\/\/dpsinovative.com\/es\/product\/proteccion-de-bordes\/#primaryimage","url":"https:\/\/dpsinovative.com\/wp-content\/uploads\/2026\/04\/ChatGPT-Image-4-de-mai.-de-2026-09_09_33.png","contentUrl":"https:\/\/dpsinovative.com\/wp-content\/uploads\/2026\/04\/ChatGPT-Image-4-de-mai.-de-2026-09_09_33.png","width":1254,"height":1254,"caption":"PRODUTO"},{"@type":"BreadcrumbList","@id":"https:\/\/dpsinovative.com\/es\/product\/proteccion-de-bordes\/#breadcrumb","itemListElement":[{"@type":"ListItem","position":1,"name":"Hogar","item":"https:\/\/dpsinovative.com\/"},{"@type":"ListItem","position":2,"name":"Productos","item":"https:\/\/dpsinovative.com\/shop\/"},{"@type":"ListItem","position":3,"name":"protecci\u00f3n de bordes"}]},{"@type":"WebSite","@id":"https:\/\/dpsinovative.com\/es\/#website","url":"https:\/\/dpsinovative.com\/es\/","name":"DPS Invative","description":"Dielectric Products &amp; Solutions","potentialAction":[{"@type":"SearchAction","target":{"@type":"EntryPoint","urlTemplate":"https:\/\/dpsinovative.com\/es\/?s={search_term_string}"},"query-input":{"@type":"PropertyValueSpecification","valueRequired":true,"valueName":"search_term_string"}}],"inLanguage":"es"}]}},"_links":{"self":[{"href":"https:\/\/dpsinovative.com\/es\/wp-json\/wp\/v2\/product\/923","targetHints":{"allow":["GET"]}}],"collection":[{"href":"https:\/\/dpsinovative.com\/es\/wp-json\/wp\/v2\/product"}],"about":[{"href":"https:\/\/dpsinovative.com\/es\/wp-json\/wp\/v2\/types\/product"}],"replies":[{"embeddable":true,"href":"https:\/\/dpsinovative.com\/es\/wp-json\/wp\/v2\/comments?post=923"}],"wp:featuredmedia":[{"embeddable":true,"href":"https:\/\/dpsinovative.com\/es\/wp-json\/wp\/v2\/media\/935"}],"wp:attachment":[{"href":"https:\/\/dpsinovative.com\/es\/wp-json\/wp\/v2\/media?parent=923"}],"wp:term":[{"taxonomy":"product_brand","embeddable":true,"href":"https:\/\/dpsinovative.com\/es\/wp-json\/wp\/v2\/product_brand?post=923"},{"taxonomy":"product_cat","embeddable":true,"href":"https:\/\/dpsinovative.com\/es\/wp-json\/wp\/v2\/product_cat?post=923"},{"taxonomy":"product_tag","embeddable":true,"href":"https:\/\/dpsinovative.com\/es\/wp-json\/wp\/v2\/product_tag?post=923"}],"curies":[{"name":"wp","href":"https:\/\/api.w.org\/{rel}","templated":true}]}}