{"id":940,"date":"2026-05-04T13:01:49","date_gmt":"2026-05-04T13:01:49","guid":{"rendered":"https:\/\/dpsinovative.com\/product\/\/"},"modified":"2026-05-04T13:01:49","modified_gmt":"2026-05-04T13:01:49","slug":"kraft-paper-md-thermally-upgraded-n2-13","status":"publish","type":"product","link":"https:\/\/dpsinovative.com\/es\/product\/papel-kraft-md-mejorado-termicamente-con-n2-13\/","title":{"rendered":"Papel Kraft MD mejorado t\u00e9rmicamente con N2 1,3%"},"content":{"rendered":"<p>Suministramos una l\u00ednea completa de papeles kraft, prensados, crep\u00e9, microcrep\u00e9 y con recubrimiento de diamante, en colaboraci\u00f3n con los principales fabricantes del mundo. Cumplimos con todos los requisitos y criterios del cliente, proporcionando papeles precortados en anchos espec\u00edficos. Nuestra gama incluye papeles de densidad media y alta, con espesores desde 0,04 mm (0,04 mm) hasta 0,50 mm (0,50 mm), con opciones neutras y opciones con un contenido de nitr\u00f3geno superior al 2 %.<\/p>\n<p>Nuestros papeles electrot\u00e9cnicos est\u00e1n homologados por los principales fabricantes mundiales de transformadores de potencia, cumpliendo con rigurosos criterios y pruebas de calidad y rendimiento. Adem\u00e1s, el proceso de corte sigue estrictas normas de calidad, limpieza y trazabilidad, garantizando la integridad y conformidad del producto entregado al cliente.<\/p>\n","protected":false},"excerpt":{"rendered":"<p>Suministramos una l\u00ednea completa de papeles kraft, prensados, crep\u00e9, microcrep\u00e9 y con recubrimiento de diamante, en colaboraci\u00f3n con los principales fabricantes del mundo. Cumplimos con todos los requisitos y criterios del cliente, proporcionando papeles precortados en anchos espec\u00edficos. Nuestra gama incluye papeles de densidad media y alta, con espesores desde 0,04 mm (0,04 mm) hasta [&hellip;]<\/p>\n","protected":false},"featured_media":0,"comment_status":"open","ping_status":"closed","template":"","meta":{"_et_pb_use_builder":"","_et_pb_old_content":"","_et_gb_content_width":""},"product_brand":[],"product_cat":[15],"product_tag":[],"class_list":{"0":"post-940","1":"product","2":"type-product","3":"status-publish","5":"product_cat-papel-aislante-electrotecnico","7":"first","8":"instock","9":"shipping-taxable","10":"product-type-simple"},"yoast_head":"<!-- This site is optimized with the Yoast SEO plugin v27.5 - https:\/\/yoast.com\/product\/yoast-seo-wordpress\/ -->\n<title>Papel Kraft MD mejorado t\u00e9rmicamente con N2 1,3%<\/title>\n<meta name=\"description\" content=\"Suministramos una l\u00ednea completa de papeles kraft, prensados, crep\u00e9, microcrep\u00e9 y con recubrimiento de diamante, en colaboraci\u00f3n con los principales fabricantes del mundo. Cumplimos con todos los requisitos y criterios del cliente, proporcionando papeles precortados en anchos espec\u00edficos. Nuestra gama incluye papeles de densidad media y alta, con espesores desde 0,04 mm (0,04 mm) hasta&hellip;\" \/>\n<meta name=\"robots\" content=\"index, follow, max-snippet:-1, max-image-preview:large, max-video-preview:-1\" \/>\n<link rel=\"canonical\" href=\"http:\/\/Suministramos%20una%20l\u00ednea%20completa%20de%20papeles%20kraft,%20prensados,%20crep\u00e9,%20microcrep\u00e9%20y%20con%20recubrimiento%20de%20diamante,%20en%20colaboraci\u00f3n%20con%20los%20principales%20fabricantes%20del%20mundo.%20Cumplimos%20con%20todos%20los%20requisitos%20y%20criterios%20del%20cliente,%20proporcionando%20papeles%20precortados%20en%20anchos%20espec\u00edficos.%20Nuestra%20gama%20incluye%20papeles%20de%20densidad%20media%20y%20alta,%20con%20espesores%20desde%200,04%20mm%20(0,04%20mm)%20hasta&hellip;\" \/>\n<meta property=\"og:locale\" content=\"es_ES\" \/>\n<meta property=\"og:type\" content=\"article\" \/>\n<meta property=\"og:title\" content=\"Papel Kraft MD mejorado t\u00e9rmicamente con N2 1,3%\" \/>\n<meta property=\"og:description\" content=\"Suministramos una l\u00ednea completa de papeles kraft, prensados, crep\u00e9, microcrep\u00e9 y con recubrimiento de diamante, en colaboraci\u00f3n con los principales fabricantes del mundo. Cumplimos con todos los requisitos y criterios del cliente, proporcionando papeles precortados en anchos espec\u00edficos. Nuestra gama incluye papeles de densidad media y alta, con espesores desde 0,04 mm (0,04 mm) hasta&hellip;\" \/>\n<meta property=\"og:url\" content=\"https:\/\/dpsinovative.com\/es\/product\/papel-kraft-md-mejorado-termicamente-con-n2-13\/\" \/>\n<meta property=\"og:site_name\" content=\"DPS Invative\" \/>\n<meta name=\"twitter:card\" content=\"summary_large_image\" \/>\n<meta name=\"twitter:label1\" content=\"Tiempo de lectura\" \/>\n\t<meta name=\"twitter:data1\" content=\"1 minuto\" \/>\n<script type=\"application\/ld+json\" class=\"yoast-schema-graph\">{\"@context\":\"https:\\\/\\\/schema.org\",\"@graph\":[{\"@type\":\"WebPage\",\"@id\":\"https:\\\/\\\/dpsinovative.com\\\/es\\\/product\\\/papel-kraft-md-mejorado-termicamente-con-n2-13\\\/\",\"url\":\"https:\\\/\\\/dpsinovative.com\\\/es\\\/product\\\/papel-kraft-md-mejorado-termicamente-con-n2-13\\\/\",\"name\":\"KRAFT PAPER MD thermally upgraded N2 1,3% - DPS Invative\",\"isPartOf\":{\"@id\":\"https:\\\/\\\/dpsinovative.com\\\/#website\"},\"datePublished\":\"2026-05-04T13:01:49+00:00\",\"breadcrumb\":{\"@id\":\"https:\\\/\\\/dpsinovative.com\\\/es\\\/product\\\/papel-kraft-md-mejorado-termicamente-con-n2-13\\\/#breadcrumb\"},\"inLanguage\":\"es\",\"potentialAction\":[{\"@type\":\"ReadAction\",\"target\":[\"https:\\\/\\\/dpsinovative.com\\\/es\\\/product\\\/papel-kraft-md-mejorado-termicamente-con-n2-13\\\/\"]}]},{\"@type\":\"BreadcrumbList\",\"@id\":\"https:\\\/\\\/dpsinovative.com\\\/es\\\/product\\\/papel-kraft-md-mejorado-termicamente-con-n2-13\\\/#breadcrumb\",\"itemListElement\":[{\"@type\":\"ListItem\",\"position\":1,\"name\":\"Hogar\",\"item\":\"https:\\\/\\\/dpsinovative.com\\\/\"},{\"@type\":\"ListItem\",\"position\":2,\"name\":\"Productos\",\"item\":\"https:\\\/\\\/dpsinovative.com\\\/shop\\\/\"},{\"@type\":\"ListItem\",\"position\":3,\"name\":\"Papel Kraft MD mejorado t\u00e9rmicamente con N2 1,3%\"}]},{\"@type\":\"WebSite\",\"@id\":\"https:\\\/\\\/dpsinovative.com\\\/es\\\/#website\",\"url\":\"https:\\\/\\\/dpsinovative.com\\\/es\\\/\",\"name\":\"DPS Invative\",\"description\":\"Dielectric Products &amp; Solutions\",\"potentialAction\":[{\"@type\":\"SearchAction\",\"target\":{\"@type\":\"EntryPoint\",\"urlTemplate\":\"https:\\\/\\\/dpsinovative.com\\\/es\\\/?s={search_term_string}\"},\"query-input\":{\"@type\":\"PropertyValueSpecification\",\"valueRequired\":true,\"valueName\":\"search_term_string\"}}],\"inLanguage\":\"es\"}]}<\/script>\n<!-- \/ Yoast SEO plugin. -->","yoast_head_json":{"title":"Papel Kraft MD mejorado t\u00e9rmicamente con N2 1,3%","description":"Suministramos una l\u00ednea completa de papeles kraft, prensados, crep\u00e9, microcrep\u00e9 y con recubrimiento de diamante, en colaboraci\u00f3n con los principales fabricantes del mundo. Cumplimos con todos los requisitos y criterios del cliente, proporcionando papeles precortados en anchos espec\u00edficos. Nuestra gama incluye papeles de densidad media y alta, con espesores desde 0,04 mm (0,04 mm) hasta&hellip;","robots":{"index":"index","follow":"follow","max-snippet":"max-snippet:-1","max-image-preview":"max-image-preview:large","max-video-preview":"max-video-preview:-1"},"canonical":"Suministramos una l\u00ednea completa de papeles kraft, prensados, crep\u00e9, microcrep\u00e9 y con recubrimiento de diamante, en colaboraci\u00f3n con los principales fabricantes del mundo. Cumplimos con todos los requisitos y criterios del cliente, proporcionando papeles precortados en anchos espec\u00edficos. Nuestra gama incluye papeles de densidad media y alta, con espesores desde 0,04 mm (0,04 mm) hasta&hellip;","og_locale":"es_ES","og_type":"article","og_title":"Papel Kraft MD mejorado t\u00e9rmicamente con N2 1,3%","og_description":"Suministramos una l\u00ednea completa de papeles kraft, prensados, crep\u00e9, microcrep\u00e9 y con recubrimiento de diamante, en colaboraci\u00f3n con los principales fabricantes del mundo. Cumplimos con todos los requisitos y criterios del cliente, proporcionando papeles precortados en anchos espec\u00edficos. Nuestra gama incluye papeles de densidad media y alta, con espesores desde 0,04 mm (0,04 mm) hasta&hellip;","og_url":"https:\/\/dpsinovative.com\/es\/product\/papel-kraft-md-mejorado-termicamente-con-n2-13\/","og_site_name":"DPS Invative","twitter_card":"summary_large_image","twitter_misc":{"Tiempo de lectura":"1 minuto"},"schema":{"@context":"https:\/\/schema.org","@graph":[{"@type":"WebPage","@id":"https:\/\/dpsinovative.com\/es\/product\/papel-kraft-md-mejorado-termicamente-con-n2-13\/","url":"https:\/\/dpsinovative.com\/es\/product\/papel-kraft-md-mejorado-termicamente-con-n2-13\/","name":"KRAFT PAPER MD thermally upgraded N2 1,3% - DPS Invative","isPartOf":{"@id":"https:\/\/dpsinovative.com\/#website"},"datePublished":"2026-05-04T13:01:49+00:00","breadcrumb":{"@id":"https:\/\/dpsinovative.com\/es\/product\/papel-kraft-md-mejorado-termicamente-con-n2-13\/#breadcrumb"},"inLanguage":"es","potentialAction":[{"@type":"ReadAction","target":["https:\/\/dpsinovative.com\/es\/product\/papel-kraft-md-mejorado-termicamente-con-n2-13\/"]}]},{"@type":"BreadcrumbList","@id":"https:\/\/dpsinovative.com\/es\/product\/papel-kraft-md-mejorado-termicamente-con-n2-13\/#breadcrumb","itemListElement":[{"@type":"ListItem","position":1,"name":"Hogar","item":"https:\/\/dpsinovative.com\/"},{"@type":"ListItem","position":2,"name":"Productos","item":"https:\/\/dpsinovative.com\/shop\/"},{"@type":"ListItem","position":3,"name":"Papel Kraft MD mejorado t\u00e9rmicamente con N2 1,3%"}]},{"@type":"WebSite","@id":"https:\/\/dpsinovative.com\/es\/#website","url":"https:\/\/dpsinovative.com\/es\/","name":"DPS Invative","description":"Dielectric Products &amp; Solutions","potentialAction":[{"@type":"SearchAction","target":{"@type":"EntryPoint","urlTemplate":"https:\/\/dpsinovative.com\/es\/?s={search_term_string}"},"query-input":{"@type":"PropertyValueSpecification","valueRequired":true,"valueName":"search_term_string"}}],"inLanguage":"es"}]}},"_links":{"self":[{"href":"https:\/\/dpsinovative.com\/es\/wp-json\/wp\/v2\/product\/940","targetHints":{"allow":["GET"]}}],"collection":[{"href":"https:\/\/dpsinovative.com\/es\/wp-json\/wp\/v2\/product"}],"about":[{"href":"https:\/\/dpsinovative.com\/es\/wp-json\/wp\/v2\/types\/product"}],"replies":[{"embeddable":true,"href":"https:\/\/dpsinovative.com\/es\/wp-json\/wp\/v2\/comments?post=940"}],"wp:attachment":[{"href":"https:\/\/dpsinovative.com\/es\/wp-json\/wp\/v2\/media?parent=940"}],"wp:term":[{"taxonomy":"product_brand","embeddable":true,"href":"https:\/\/dpsinovative.com\/es\/wp-json\/wp\/v2\/product_brand?post=940"},{"taxonomy":"product_cat","embeddable":true,"href":"https:\/\/dpsinovative.com\/es\/wp-json\/wp\/v2\/product_cat?post=940"},{"taxonomy":"product_tag","embeddable":true,"href":"https:\/\/dpsinovative.com\/es\/wp-json\/wp\/v2\/product_tag?post=940"}],"curies":[{"name":"wp","href":"https:\/\/api.w.org\/{rel}","templated":true}]}}