{"id":940,"date":"2026-05-04T13:01:49","date_gmt":"2026-05-04T13:01:49","guid":{"rendered":"https:\/\/dpsinovative.com\/product\/\/"},"modified":"2026-05-04T13:01:49","modified_gmt":"2026-05-04T13:01:49","slug":"kraft-paper-md-thermally-upgraded-n2-13","status":"publish","type":"product","link":"https:\/\/dpsinovative.com\/pt\/product\/papel-kraft-md-termoestabilizado-n2-1-3\/","title":{"rendered":"Papel Kraft MD termoestabilizado N2 1.3%  "},"content":{"rendered":"<p>Fornecemos a linha completa de pap\u00e9is kraft, presspaper, crepados, microcrepados e diamantados, em parceria com os maiores fabricantes mundiais. Atendemos a todos os requisitos e crit\u00e9rios dos clientes, fornecendo pap\u00e9is pr\u00e9-cortados nas larguras especificadas. Nossa gama inclui pap\u00e9is de m\u00e9dia e alta densidade, em espessuras de 0,04 mm (0.04 mm) a 0,50 mm (0.50 mm) , com op\u00e7\u00f5es neutras e com teor de nitrog\u00eanio superior a 2%.<\/p>\n<p>Nossos pap\u00e9is eletrot\u00e9cnicos s\u00e3o homologados pelos maiores fabricantes de transformadores de pot\u00eancia do mundo, cumprindo crit\u00e9rios e ensaios rigorosos de qualidade e desempenho. Al\u00e9m disso, o processo de corte segue padr\u00f5es estritos de qualidade, limpeza e rastreabilidade, garantindo a integridade e a conformidade do produto entregue ao cliente..<\/p>\n","protected":false},"excerpt":{"rendered":"<p>Fornecemos a linha completa de pap\u00e9is kraft, presspaper, crepados, microcrepados e diamantados, em parceria com os maiores fabricantes mundiais. Atendemos a todos os requisitos e crit\u00e9rios dos clientes, fornecendo pap\u00e9is pr\u00e9-cortados nas larguras especificadas. Nossa gama inclui pap\u00e9is de m\u00e9dia e alta densidade, em espessuras de 0,04 mm (0.04 mm) a 0,50 mm (0.50 mm) [&hellip;]<\/p>\n","protected":false},"featured_media":0,"comment_status":"open","ping_status":"closed","template":"","meta":{"_et_pb_use_builder":"","_et_pb_old_content":"","_et_gb_content_width":""},"product_brand":[],"product_cat":[15],"product_tag":[],"class_list":{"0":"post-940","1":"product","2":"type-product","3":"status-publish","5":"product_cat-papel-isolante-eletrotecnico","7":"first","8":"instock","9":"shipping-taxable","10":"product-type-simple"},"yoast_head":"<!-- This site is optimized with the Yoast SEO plugin v27.5 - https:\/\/yoast.com\/product\/yoast-seo-wordpress\/ -->\n<title>Papel Kraft MD termoestabilizado N2 1.3%<\/title>\n<meta name=\"description\" content=\"Fornecemos a linha completa de pap\u00e9is kraft, presspaper, crepados, microcrepados e diamantados, em parceria com os maiores fabricantes mundiais. Atendemos a todos os requisitos e crit\u00e9rios dos clientes, fornecendo pap\u00e9is pr\u00e9-cortados nas larguras especificadas. Nossa gama inclui pap\u00e9is de m\u00e9dia e alta densidade, em espessuras de 0,04 mm (0.04 mm) a 0,50 mm (0.50 mm)&hellip;\" \/>\n<meta name=\"robots\" content=\"index, follow, max-snippet:-1, max-image-preview:large, max-video-preview:-1\" \/>\n<link rel=\"canonical\" href=\"http:\/\/Fornecemos%20a%20linha%20completa%20de%20pap\u00e9is%20kraft,%20presspaper,%20crepados,%20microcrepados%20e%20diamantados,%20em%20parceria%20com%20os%20maiores%20fabricantes%20mundiais.%20Atendemos%20a%20todos%20os%20requisitos%20e%20crit\u00e9rios%20dos%20clientes,%20fornecendo%20pap\u00e9is%20pr\u00e9-cortados%20nas%20larguras%20especificadas.%20Nossa%20gama%20inclui%20pap\u00e9is%20de%20m\u00e9dia%20e%20alta%20densidade,%20em%20espessuras%20de%200,04%20mm%20(0.04%20mm)%20a%200,50%20mm%20(0.50%20mm)&hellip;\" \/>\n<meta property=\"og:locale\" content=\"pt_BR\" \/>\n<meta property=\"og:type\" content=\"article\" \/>\n<meta property=\"og:title\" content=\"Papel Kraft MD termoestabilizado N2 1.3%\" \/>\n<meta property=\"og:description\" content=\"Fornecemos a linha completa de pap\u00e9is kraft, presspaper, crepados, microcrepados e diamantados, em parceria com os maiores fabricantes mundiais. Atendemos a todos os requisitos e crit\u00e9rios dos clientes, fornecendo pap\u00e9is pr\u00e9-cortados nas larguras especificadas. Nossa gama inclui pap\u00e9is de m\u00e9dia e alta densidade, em espessuras de 0,04 mm (0.04 mm) a 0,50 mm (0.50 mm)&hellip;\" \/>\n<meta property=\"og:url\" content=\"https:\/\/dpsinovative.com\/pt\/product\/papel-kraft-md-termoestabilizado-n2-1-3\/\" \/>\n<meta property=\"og:site_name\" content=\"DPS Invative\" \/>\n<meta name=\"twitter:card\" content=\"summary_large_image\" \/>\n<meta name=\"twitter:label1\" content=\"Est. tempo de leitura\" \/>\n\t<meta name=\"twitter:data1\" content=\"1 minuto\" \/>\n<script type=\"application\/ld+json\" class=\"yoast-schema-graph\">{\"@context\":\"https:\\\/\\\/schema.org\",\"@graph\":[{\"@type\":\"WebPage\",\"@id\":\"https:\\\/\\\/dpsinovative.com\\\/pt\\\/product\\\/papel-kraft-md-termoestabilizado-n2-1-3\\\/\",\"url\":\"https:\\\/\\\/dpsinovative.com\\\/pt\\\/product\\\/papel-kraft-md-termoestabilizado-n2-1-3\\\/\",\"name\":\"KRAFT PAPER MD thermally upgraded N2 1,3% - DPS Invative\",\"isPartOf\":{\"@id\":\"https:\\\/\\\/dpsinovative.com\\\/#website\"},\"datePublished\":\"2026-05-04T13:01:49+00:00\",\"breadcrumb\":{\"@id\":\"https:\\\/\\\/dpsinovative.com\\\/pt\\\/product\\\/papel-kraft-md-termoestabilizado-n2-1-3\\\/#breadcrumb\"},\"inLanguage\":\"pt-BR\",\"potentialAction\":[{\"@type\":\"ReadAction\",\"target\":[\"https:\\\/\\\/dpsinovative.com\\\/pt\\\/product\\\/papel-kraft-md-termoestabilizado-n2-1-3\\\/\"]}]},{\"@type\":\"BreadcrumbList\",\"@id\":\"https:\\\/\\\/dpsinovative.com\\\/pt\\\/product\\\/papel-kraft-md-termoestabilizado-n2-1-3\\\/#breadcrumb\",\"itemListElement\":[{\"@type\":\"ListItem\",\"position\":1,\"name\":\"Inicial\",\"item\":\"https:\\\/\\\/dpsinovative.com\\\/\"},{\"@type\":\"ListItem\",\"position\":2,\"name\":\"Produtos\",\"item\":\"https:\\\/\\\/dpsinovative.com\\\/shop\\\/\"},{\"@type\":\"ListItem\",\"position\":3,\"name\":\"Papel Kraft MD termoestabilizado N2 1.3%\"}]},{\"@type\":\"WebSite\",\"@id\":\"https:\\\/\\\/dpsinovative.com\\\/pt\\\/#website\",\"url\":\"https:\\\/\\\/dpsinovative.com\\\/pt\\\/\",\"name\":\"DPS Invative\",\"description\":\"Dielectric Products &amp; Solutions\",\"potentialAction\":[{\"@type\":\"SearchAction\",\"target\":{\"@type\":\"EntryPoint\",\"urlTemplate\":\"https:\\\/\\\/dpsinovative.com\\\/pt\\\/?s={search_term_string}\"},\"query-input\":{\"@type\":\"PropertyValueSpecification\",\"valueRequired\":true,\"valueName\":\"search_term_string\"}}],\"inLanguage\":\"pt-BR\"}]}<\/script>\n<!-- \/ Yoast SEO plugin. -->","yoast_head_json":{"title":"Papel Kraft MD termoestabilizado N2 1.3%","description":"Fornecemos a linha completa de pap\u00e9is kraft, presspaper, crepados, microcrepados e diamantados, em parceria com os maiores fabricantes mundiais. Atendemos a todos os requisitos e crit\u00e9rios dos clientes, fornecendo pap\u00e9is pr\u00e9-cortados nas larguras especificadas. Nossa gama inclui pap\u00e9is de m\u00e9dia e alta densidade, em espessuras de 0,04 mm (0.04 mm) a 0,50 mm (0.50 mm)&hellip;","robots":{"index":"index","follow":"follow","max-snippet":"max-snippet:-1","max-image-preview":"max-image-preview:large","max-video-preview":"max-video-preview:-1"},"canonical":"Fornecemos a linha completa de pap\u00e9is kraft, presspaper, crepados, microcrepados e diamantados, em parceria com os maiores fabricantes mundiais. Atendemos a todos os requisitos e crit\u00e9rios dos clientes, fornecendo pap\u00e9is pr\u00e9-cortados nas larguras especificadas. Nossa gama inclui pap\u00e9is de m\u00e9dia e alta densidade, em espessuras de 0,04 mm (0.04 mm) a 0,50 mm (0.50 mm)&hellip;","og_locale":"pt_BR","og_type":"article","og_title":"Papel Kraft MD termoestabilizado N2 1.3%","og_description":"Fornecemos a linha completa de pap\u00e9is kraft, presspaper, crepados, microcrepados e diamantados, em parceria com os maiores fabricantes mundiais. Atendemos a todos os requisitos e crit\u00e9rios dos clientes, fornecendo pap\u00e9is pr\u00e9-cortados nas larguras especificadas. Nossa gama inclui pap\u00e9is de m\u00e9dia e alta densidade, em espessuras de 0,04 mm (0.04 mm) a 0,50 mm (0.50 mm)&hellip;","og_url":"https:\/\/dpsinovative.com\/pt\/product\/papel-kraft-md-termoestabilizado-n2-1-3\/","og_site_name":"DPS Invative","twitter_card":"summary_large_image","twitter_misc":{"Est. tempo de leitura":"1 minuto"},"schema":{"@context":"https:\/\/schema.org","@graph":[{"@type":"WebPage","@id":"https:\/\/dpsinovative.com\/pt\/product\/papel-kraft-md-termoestabilizado-n2-1-3\/","url":"https:\/\/dpsinovative.com\/pt\/product\/papel-kraft-md-termoestabilizado-n2-1-3\/","name":"KRAFT PAPER MD thermally upgraded N2 1,3% - DPS Invative","isPartOf":{"@id":"https:\/\/dpsinovative.com\/#website"},"datePublished":"2026-05-04T13:01:49+00:00","breadcrumb":{"@id":"https:\/\/dpsinovative.com\/pt\/product\/papel-kraft-md-termoestabilizado-n2-1-3\/#breadcrumb"},"inLanguage":"pt-BR","potentialAction":[{"@type":"ReadAction","target":["https:\/\/dpsinovative.com\/pt\/product\/papel-kraft-md-termoestabilizado-n2-1-3\/"]}]},{"@type":"BreadcrumbList","@id":"https:\/\/dpsinovative.com\/pt\/product\/papel-kraft-md-termoestabilizado-n2-1-3\/#breadcrumb","itemListElement":[{"@type":"ListItem","position":1,"name":"Inicial","item":"https:\/\/dpsinovative.com\/"},{"@type":"ListItem","position":2,"name":"Produtos","item":"https:\/\/dpsinovative.com\/shop\/"},{"@type":"ListItem","position":3,"name":"Papel Kraft MD termoestabilizado N2 1.3%"}]},{"@type":"WebSite","@id":"https:\/\/dpsinovative.com\/pt\/#website","url":"https:\/\/dpsinovative.com\/pt\/","name":"DPS Invative","description":"Dielectric Products &amp; Solutions","potentialAction":[{"@type":"SearchAction","target":{"@type":"EntryPoint","urlTemplate":"https:\/\/dpsinovative.com\/pt\/?s={search_term_string}"},"query-input":{"@type":"PropertyValueSpecification","valueRequired":true,"valueName":"search_term_string"}}],"inLanguage":"pt-BR"}]}},"_links":{"self":[{"href":"https:\/\/dpsinovative.com\/pt\/wp-json\/wp\/v2\/product\/940","targetHints":{"allow":["GET"]}}],"collection":[{"href":"https:\/\/dpsinovative.com\/pt\/wp-json\/wp\/v2\/product"}],"about":[{"href":"https:\/\/dpsinovative.com\/pt\/wp-json\/wp\/v2\/types\/product"}],"replies":[{"embeddable":true,"href":"https:\/\/dpsinovative.com\/pt\/wp-json\/wp\/v2\/comments?post=940"}],"wp:attachment":[{"href":"https:\/\/dpsinovative.com\/pt\/wp-json\/wp\/v2\/media?parent=940"}],"wp:term":[{"taxonomy":"product_brand","embeddable":true,"href":"https:\/\/dpsinovative.com\/pt\/wp-json\/wp\/v2\/product_brand?post=940"},{"taxonomy":"product_cat","embeddable":true,"href":"https:\/\/dpsinovative.com\/pt\/wp-json\/wp\/v2\/product_cat?post=940"},{"taxonomy":"product_tag","embeddable":true,"href":"https:\/\/dpsinovative.com\/pt\/wp-json\/wp\/v2\/product_tag?post=940"}],"curies":[{"name":"wp","href":"https:\/\/api.w.org\/{rel}","templated":true}]}}